{"id":673,"date":"2015-06-18T19:32:17","date_gmt":"2015-06-18T19:32:17","guid":{"rendered":"http:\/\/192.168.2.100\/anita\/?page_id=673"},"modified":"2021-07-09T08:51:15","modified_gmt":"2021-07-09T08:51:15","slug":"iedereen-gaapt","status":"publish","type":"page","link":"https:\/\/anitabijsterbosch.nl\/nl\/books\/iedereen-gaapt\/","title":{"rendered":"Iedereen gaapt"},"content":{"rendered":"<p><img loading=\"lazy\" decoding=\"async\" class=\"aligncenter size-full wp-image-1817\" src=\"http:\/\/anitabijsterbosch.nl\/wp-content\/uploads\/2015\/06\/Everyone-Yawning.png\" alt=\"Illustratie voor prentenboek Iedereen gaapt \/ Illustration for Children's Book Everyone Is Yawning, Clavis Publishing\" width=\"2000\" height=\"988\" srcset=\"https:\/\/anitabijsterbosch.nl\/wp-content\/uploads\/2015\/06\/Everyone-Yawning.png 2000w, https:\/\/anitabijsterbosch.nl\/wp-content\/uploads\/2015\/06\/Everyone-Yawning-640x316.png 640w, https:\/\/anitabijsterbosch.nl\/wp-content\/uploads\/2015\/06\/Everyone-Yawning-1280x632.png 1280w\" sizes=\"auto, (max-width: 2000px) 100vw, 2000px\" \/><\/p>\n<p><img loading=\"lazy\" decoding=\"async\" class=\"aligncenter size-full wp-image-1796\" src=\"http:\/\/anitabijsterbosch.nl\/wp-content\/uploads\/2015\/06\/EveryoneYawns31.png\" alt=\"Illustratie voor prentenboek Iedereen gaapt \/ Illustration for Children's Book Everyone Is Yawning, Clavis Publishing\" width=\"2000\" height=\"988\" srcset=\"https:\/\/anitabijsterbosch.nl\/wp-content\/uploads\/2015\/06\/EveryoneYawns31.png 2000w, https:\/\/anitabijsterbosch.nl\/wp-content\/uploads\/2015\/06\/EveryoneYawns31-640x316.png 640w, https:\/\/anitabijsterbosch.nl\/wp-content\/uploads\/2015\/06\/EveryoneYawns31-1280x632.png 1280w\" sizes=\"auto, (max-width: 2000px) 100vw, 2000px\" \/><p>Kirkus Best Book 2016.<p>\r\n<p>Het is bedtijd!\r\nHet poesje is een beetje moe.\r\nZie je dat? Kijk maar, het poesje gaapt.\r\nAlle diertjes gapen.\r\nZachtjes, knorrend of heel erg langzaam.\r\nEn het kindje, is het kindje ook moe?\r\nJe ontdekt het in dit verrassende flapjesboek!<\/p>\r\n<\/p>Een speels boek met grappige flapjes\r\nvol dieren die een beetje moe zijn.<p><p>Voor peuters vanaf 24 maanden,\r\nmet het dagelijks leven van het kind als thema.<\/p><table class=\"book-information\">\r\n\t\t<tr><td>Titel: <\/td><td>Iedereen gaapt<\/td><\/tr>\r\n\t\t<tr><td>Uitgever: <\/td><td><a href=\"http:\/\/clavisbooks.com\/book\/iedereen-gaapt\" target=\"_BLANK\">Clavis Uitgeverij<\/a><\/td><\/tr>\r\n\t\t<tr><td>ISBN: <\/td><td>9789044823417<\/td><\/tr>\r\n\t\t\r\n\t<\/table><h3>Vertalingen<\/h3><ul><li>Todo Mundo Boceja. <a href=\"https:\/\/www.brinquebook.com.br\/todo-mundo-boceja.html\" target=\"_BLANK\">Brazil, Brinque-Book<\/a>.<\/li><li>\u00c8 l'ora della nanna. <a href=\"https:\/\/www.ilcastelloeditore.it\/scheda.php?id=8862582994&dsc=e-lora-della-nanna&p=6\" target=\"_BLANK\">Italy, Il Castello<\/a>.<\/li><li>Everyone is Yawning. <a href=\"https:\/\/www.goodreads.com\/book\/show\/24694093-everyone-is-yawning?from_search=true\" target=\"_BLANK\">USA, Clavis Publishing<\/a>.<\/li><li>Tout le monde b\u00e2ille! <a href=\"http:\/\/www.albin-michel.fr\/Tout-le-monde-baille--EAN=9782226315489\" target=\"_BLANK\">France, Albin Michel Jeunesse<\/a>.<\/li><li>Todos Bostezan. <a href=\"http:\/\/www.combeleditorial.com\/es\/libro\/todos-bostezan_978-84-9101-021-0\" target=\"_BLANK\">Spain, Combel Editorial (Spanish)<\/a>.<\/li><li>Tothom Badalla. <a href=\"http:\/\/www.combeleditorial.com\/ca\/llibre\/tothom-badalla_978-84-9101-020-3\" target=\"_BLANK\">Spain, Combel Editorial (Catalonian)<\/a>.<\/li><li>\u00d8ll geispa. <a href=\"http:\/\/www.bokaklubbin.fo\/V%C3%ADs-v%C3%B8rur.aspx?ID=1286&ProductID=PROD2056\" target=\"_BLANK\">Faroe Island, B\u00f3kadeildin<\/a>.<\/li><li>H\u0259r k\u0259s \u0259sn\u0259yir. <a href=\"http:\/\/www.3alma.az\/book,92\/lang,az\/\" target=\"_BLANK\">Azerbaijan, \u00dc\u00e7 alma<\/a>.<\/li><li>\u5927\u5bb6\u90fd\u5728\u6253\u5475\u6b20. <a href=\"http:\/\/www.168books.com.tw\/item.jsp?item=24882\" target=\"_BLANK\">Taiwan, Love You Culture Publishing<\/a>.<\/li><li>Alle gaber. <a href=\"http:\/\/www.turbineforlaget.dk\/shop\/boerneboeger\/billedboeger\/alle-gaber\/\" target=\"_BLANK\">Denmark, Turbine<\/a>.<\/li><li>\u5927\u5bb6\u90fd\u8981\u6253\u54c8\u6b20. <a href=\"https:\/\/item.jd.com\/11902118.html\" target=\"_BLANK\">China, Xi'an Qujiang Peihao Publishing & Media Co.<\/a><\/li><li>Alle m\u00fcssen g\u00e4hnen. <a href=\"https:\/\/www.arsedition.de\/produkte\/detail\/produkt\/alle-muessen-gaehnen-6223\/\" target=\"_BLANK\">Germany, Ars Edition GmbH<\/a>.<\/li><li>Korea, Sangsuri.<\/li><li>Alle gjesper. <a href=\"https:\/\/www.haugenbok.no\/Skjoennlitteratur\/Alle-gjesper\/I9788283460063\" target=\"_BLANK\">Norway, Turbine AS<\/a>.<\/li><li>Vsi zehamo. <a href=\"http:\/\/www.sanje.si\/knjigarna\/vsi-zehamo.html\" target=\"_BLANK\">Slovenia, Zalozba Sanje<\/a>.<\/li><li>Wszyscy ziewaj\u0105. <a href=\"http:\/\/www.adamada.pl\/wszyscy-ziewaja.html\" target=\"_BLANK\">Poland, Adamada<\/a>.<\/li><li>Jidderee gaapst. <a href=\"http:\/\/kremart.lu\/kannerbicher\/jidderee-gaapst\/\" target=\"_BLANK\">Luxembourg, Kremart Edition<\/a>.<\/li><li>Alla G\u00e4spar. Sweden, Ordalaget.<\/li><li>\u05e4\u05d9\u05d4\u05d5\u05e7\u05d9\u05dd. <a href=\"https:\/\/www.schocken.co.il\/Book\/%d7%a4%d7%99%d7%94%d7%95%d7%a7%d7%99%d7%9d.aspx?name=%d7%a4%d7%99%d7%94%d7%95%d7%a7%d7%99%d7%9d&code=40-30795\" target=\"_BLANK\">Isra\u00ebl, Schoken Publishing House<\/a>.<\/li><li>Allir geispa. <a href=\"https:\/\/www.bokabeitan.is\/allir-geispa\/\" target=\"_BLANK\">Iceland, B\u00f3kabeitan<\/a>.<\/li><li>China, Hangzhou Redflowers Network Technology Co.<\/li><li>Je \u010das j\u00edt sp\u00e1t. <a href=\"https:\/\/www.knizniklub.cz\/knihy\/326072-je-cas-jit-spat.html\" target=\"_BLANK\">Czech Republic, Euromedia<\/a>.<\/li><li>\"Jouw naam\" gaapt. <a href=\"https:\/\/www.yoursurprise.nl\/boek-met-naam\/kinderboeken\/iedereen-gaapt?artikelcode=38331\" target=\"_BLANK\">Netherlands, Your Surprise<\/a>.<\/li><li>\"Your name\" is yawning. <a href=\"https:\/\/www.yoursurprise.com\/book-with-name\/everyone-is-yawning?artikelcode=38333\" target=\"_BLANK\">Netherlands, Your Surprise<\/a>.<\/li><li>Russia, Hobbyteka LLC.<\/li><li>Thailand, Yow Fu Public Education.<\/li><li>Japan, PIE International.<\/li><li>Indonesia, PT Clavis Global Indonesia.<\/li><\/ul><\/p>\n<p><img loading=\"lazy\" decoding=\"async\" class=\"size-full wp-image-1990 alignleft\" src=\"http:\/\/anitabijsterbosch.nl\/wp-content\/uploads\/2015\/06\/Iedereen-gaapt2.png\" alt=\"Iedereen gaapt\" width=\"270\" height=\"283\" \/><\/p>\n","protected":false},"excerpt":{"rendered":"","protected":false},"author":2,"featured_media":690,"parent":25,"menu_order":14,"comment_status":"closed","ping_status":"closed","template":"template-book.php","meta":{"_monsterinsights_skip_tracking":false,"_monsterinsights_sitenote_active":false,"_monsterinsights_sitenote_note":"","_monsterinsights_sitenote_category":0,"footnotes":""},"class_list":["post-673","page","type-page","status-publish","has-post-thumbnail","hentry"],"translation":{"provider":"WPGlobus","version":"3.0.0","language":"nl","enabled_languages":["en","nl"],"languages":{"en":{"title":true,"content":true,"excerpt":false},"nl":{"title":true,"content":true,"excerpt":false}}},"_links":{"self":[{"href":"https:\/\/anitabijsterbosch.nl\/nl\/wp-json\/wp\/v2\/pages\/673","targetHints":{"allow":["GET"]}}],"collection":[{"href":"https:\/\/anitabijsterbosch.nl\/nl\/wp-json\/wp\/v2\/pages"}],"about":[{"href":"https:\/\/anitabijsterbosch.nl\/nl\/wp-json\/wp\/v2\/types\/page"}],"author":[{"embeddable":true,"href":"https:\/\/anitabijsterbosch.nl\/nl\/wp-json\/wp\/v2\/users\/2"}],"replies":[{"embeddable":true,"href":"https:\/\/anitabijsterbosch.nl\/nl\/wp-json\/wp\/v2\/comments?post=673"}],"version-history":[{"count":23,"href":"https:\/\/anitabijsterbosch.nl\/nl\/wp-json\/wp\/v2\/pages\/673\/revisions"}],"predecessor-version":[{"id":5172,"href":"https:\/\/anitabijsterbosch.nl\/nl\/wp-json\/wp\/v2\/pages\/673\/revisions\/5172"}],"up":[{"embeddable":true,"href":"https:\/\/anitabijsterbosch.nl\/nl\/wp-json\/wp\/v2\/pages\/25"}],"wp:featuredmedia":[{"embeddable":true,"href":"https:\/\/anitabijsterbosch.nl\/nl\/wp-json\/wp\/v2\/media\/690"}],"wp:attachment":[{"href":"https:\/\/anitabijsterbosch.nl\/nl\/wp-json\/wp\/v2\/media?parent=673"}],"curies":[{"name":"wp","href":"https:\/\/api.w.org\/{rel}","templated":true}]}}