{"id":184,"date":"2015-06-06T14:25:30","date_gmt":"2015-06-06T14:25:30","guid":{"rendered":"http:\/\/192.168.2.100\/anita\/?page_id=184"},"modified":"2020-09-28T11:40:57","modified_gmt":"2020-09-28T11:40:57","slug":"daddy-seahorses-search","status":"publish","type":"page","link":"https:\/\/anitabijsterbosch.nl\/nl\/books\/daddy-seahorses-search\/","title":{"rendered":"De zoektocht van papa Zeepaardje"},"content":{"rendered":"<p><img loading=\"lazy\" decoding=\"async\" class=\"aligncenter size-full wp-image-2910\" src=\"https:\/\/anitabijsterbosch.nl\/wp-content\/uploads\/2015\/06\/Papa-Zeepaardje4.png\" alt=\"\" width=\"2500\" height=\"1250\" srcset=\"https:\/\/anitabijsterbosch.nl\/wp-content\/uploads\/2015\/06\/Papa-Zeepaardje4.png 2500w, https:\/\/anitabijsterbosch.nl\/wp-content\/uploads\/2015\/06\/Papa-Zeepaardje4-640x320.png 640w, https:\/\/anitabijsterbosch.nl\/wp-content\/uploads\/2015\/06\/Papa-Zeepaardje4-768x384.png 768w, https:\/\/anitabijsterbosch.nl\/wp-content\/uploads\/2015\/06\/Papa-Zeepaardje4-1280x640.png 1280w\" sizes=\"auto, (max-width: 2500px) 100vw, 2500px\" \/><\/p>\n<p><img loading=\"lazy\" decoding=\"async\" class=\"aligncenter size-full wp-image-722\" src=\"http:\/\/anitabijsterbosch.nl\/wp-content\/uploads\/2015\/06\/Papa-Zeepaardje.png\" alt=\"Illustratie voor prentenboek De zoektocht van papa Zeepaardje \/ Illustration for Children's Book Papa Seahorse's Search, Clavis Publishing\" width=\"2000\" height=\"1000\" srcset=\"https:\/\/anitabijsterbosch.nl\/wp-content\/uploads\/2015\/06\/Papa-Zeepaardje.png 2000w, https:\/\/anitabijsterbosch.nl\/wp-content\/uploads\/2015\/06\/Papa-Zeepaardje-640x320.png 640w, https:\/\/anitabijsterbosch.nl\/wp-content\/uploads\/2015\/06\/Papa-Zeepaardje-1280x640.png 1280w\" sizes=\"auto, (max-width: 2000px) 100vw, 2000px\" \/><\/p>\nWinnaar KIDDO Leespluim januari 2016.\r\n\r\n<p>Papa Zeepaardje is \u00e9\u00e9n van zijn tien babyzeepaardjes kwijt. Hij zoekt achter het koraal, in de schelp en onder de stenen. Maar hij vindt vooral heel veel andere dieren. Kun jij ze tellen? En vind jij het tiende babyzeepaardje?<\/p>\r\n<\/p>Een leuk tel- en zoekboek met flapjes.<p><p>Voor peuters vanaf 30 maanden, met de taalontwikkelinge van het kind als thema.<\/p><table class=\"book-information\">\r\n\t\t<tr><td>Titel: <\/td><td>De zoektocht van papa Zeepaardje<\/td><\/tr>\r\n\t\t<tr><td>Uitgever: <\/td><td><a href=\"http:\/\/www.clavisbooks.com\/book\/de-zoektocht-van-papa-zeepaardje\" target=\"_BLANK\">Clavis Uitgeverij<\/a><\/td><\/tr>\r\n\t\t<tr><td>ISBN: <\/td><td>9789044822809<\/td><\/tr>\r\n\t\t\r\n\t<\/table><h3>Vertalingen<\/h3><ul><li>Far S\u00f8hest p\u00e5 efters\u00f8gning. <a href=\"http:\/\/www.turbineforlaget.dk\/shop\/boerneboeger\/billedboeger\/far-soehest-paa-eftersoegning\/\" target=\"_BLANK\">Denmark, Turbine<\/a>.<\/li><li>Pap\u00e0 ippocampo cerca il suo piccolo. <a href=\"https:\/\/www.ilcastelloeditore.it\/scheda.php?id=8862582897&dsc=papa-ippocampo-cerca-il-suo-piccolo&p=8\" target=\"_BLANK\">Italy, Il Castello<\/a>.<\/li><li>\u6d77\u9a6c\u7238\u7238\u5927\u641c\u7d22. China, Xi'an Qujiang Peihao.<\/li><li>\u6d77\u99ac\u7238\u7238\u627e\u5bf6\u5bf6. <a href=\"http:\/\/www.168books.com.tw\/item.jsp?item=24884\" target=\"_BLANK\">Taiwan, Love You Culture Publishing<\/a>.<\/li><li>Papa Seahorse's Search. <a href=\"https:\/\/www.goodreads.com\/book\/show\/23130319-papa-seahorse-s-search?from_search=true\" target=\"_BLANK\">USA, Clavis Publishing<\/a>.<\/li><li>Wo bist du, kleines Seepferdchen? <a href=\"http:\/\/bachem.de\/verlag\/657\" target=\"_BLANK\">Germany, J.P. Bachem<\/a>.<\/li><li>Caballito de mar busca y cuenta. <a href=\"http:\/\/www.labrujitadepapel.com.ar\/libro.php?ean=9789873681844&t=Caballito+de+mar+busca+y+cuenta\" target=\"_BLANK\">Argentina, La Brujita de Papel<\/a>.<\/li><li>D'Sich vum Pappa S\u00e9ip\u00e4erdchen. <a href=\"http:\/\/kremart.lu\/kannerbicher\/dsich-vum-pappa-seipaerdchen\/\" target=\"_BLANK\">Luxembourg, Kremart Edition S.\u00e0.r.l.<\/a><\/li><li>Gdzie jest konik morski? <a href=\"http:\/\/www.adamada.pl\/gdzie-jest-konik-morski.html\" target=\"_BLANK\">Poland, Adamada<\/a>.<\/li><li>Papa Seahorse's Search. <a href=\"https:\/\/www.av2books.com\/\" target=\"_BLANK\">USA, Weigl Publishers Inc.<\/a><\/li><li>China, Shenzhen Bookin Imp&Exp Co.,Ltd.<\/li><li>China, Beijing Ziting Culture.<\/li><li>China, Hangzhou Redflowers Network.<\/li><li>Russia, Hobbyteka LLC.<\/li><li>Thailand, Yow Fu Public Education.<\/li><li>Belgium, VAN-IN Boektoppers School Year 2020-2021.<\/li><\/ul>\n<p><img loading=\"lazy\" decoding=\"async\" class=\"aligncenter size-full wp-image-2919\" src=\"http:\/\/anitabijsterbosch.nl\/wp-content\/uploads\/2015\/06\/De-zoektocht-van-papa-zeepaardje-1.png\" alt=\"De zoektocht van papa Zeepaardje\" width=\"2000\" height=\"2094\" srcset=\"https:\/\/anitabijsterbosch.nl\/wp-content\/uploads\/2015\/06\/De-zoektocht-van-papa-zeepaardje-1.png 2000w, https:\/\/anitabijsterbosch.nl\/wp-content\/uploads\/2015\/06\/De-zoektocht-van-papa-zeepaardje-1-611x640.png 611w, https:\/\/anitabijsterbosch.nl\/wp-content\/uploads\/2015\/06\/De-zoektocht-van-papa-zeepaardje-1-768x804.png 768w, https:\/\/anitabijsterbosch.nl\/wp-content\/uploads\/2015\/06\/De-zoektocht-van-papa-zeepaardje-1-1223x1280.png 1223w\" sizes=\"auto, (max-width: 2000px) 100vw, 2000px\" \/><\/p>\n","protected":false},"excerpt":{"rendered":"","protected":false},"author":1,"featured_media":1986,"parent":25,"menu_order":15,"comment_status":"closed","ping_status":"closed","template":"template-book.php","meta":{"_monsterinsights_skip_tracking":false,"_monsterinsights_sitenote_active":false,"_monsterinsights_sitenote_note":"","_monsterinsights_sitenote_category":0,"footnotes":""},"class_list":["post-184","page","type-page","status-publish","has-post-thumbnail","hentry"],"translation":{"provider":"WPGlobus","version":"3.0.0","language":"nl","enabled_languages":["en","nl"],"languages":{"en":{"title":true,"content":true,"excerpt":false},"nl":{"title":true,"content":false,"excerpt":false}}},"_links":{"self":[{"href":"https:\/\/anitabijsterbosch.nl\/nl\/wp-json\/wp\/v2\/pages\/184","targetHints":{"allow":["GET"]}}],"collection":[{"href":"https:\/\/anitabijsterbosch.nl\/nl\/wp-json\/wp\/v2\/pages"}],"about":[{"href":"https:\/\/anitabijsterbosch.nl\/nl\/wp-json\/wp\/v2\/types\/page"}],"author":[{"embeddable":true,"href":"https:\/\/anitabijsterbosch.nl\/nl\/wp-json\/wp\/v2\/users\/1"}],"replies":[{"embeddable":true,"href":"https:\/\/anitabijsterbosch.nl\/nl\/wp-json\/wp\/v2\/comments?post=184"}],"version-history":[{"count":35,"href":"https:\/\/anitabijsterbosch.nl\/nl\/wp-json\/wp\/v2\/pages\/184\/revisions"}],"predecessor-version":[{"id":5161,"href":"https:\/\/anitabijsterbosch.nl\/nl\/wp-json\/wp\/v2\/pages\/184\/revisions\/5161"}],"up":[{"embeddable":true,"href":"https:\/\/anitabijsterbosch.nl\/nl\/wp-json\/wp\/v2\/pages\/25"}],"wp:featuredmedia":[{"embeddable":true,"href":"https:\/\/anitabijsterbosch.nl\/nl\/wp-json\/wp\/v2\/media\/1986"}],"wp:attachment":[{"href":"https:\/\/anitabijsterbosch.nl\/nl\/wp-json\/wp\/v2\/media?parent=184"}],"curies":[{"name":"wp","href":"https:\/\/api.w.org\/{rel}","templated":true}]}}